{"id":1526,"date":"2022-01-30T17:48:21","date_gmt":"2022-01-30T17:48:21","guid":{"rendered":"https:\/\/marluctours.ro\/?page_id=1526"},"modified":"2022-06-29T19:06:12","modified_gmt":"2022-06-29T19:06:12","slug":"termeni-si-conditii","status":"publish","type":"page","link":"https:\/\/marluctours.ro\/en\/termeni-si-conditii\/","title":{"rendered":"Terms and Conditions"},"content":{"rendered":"<div data-elementor-type=\"wp-page\" data-elementor-id=\"1526\" class=\"elementor elementor-1526\">\n\t\t\t\t\t\t\t\t\t<section class=\"elementor-section elementor-top-section elementor-element elementor-element-18631363 elementor-section-boxed elementor-section-height-default elementor-section-height-default\" data-id=\"18631363\" data-element_type=\"section\">\n\t\t\t\t\t\t<div class=\"elementor-container elementor-column-gap-default\">\n\t\t\t\t\t<div class=\"elementor-column elementor-col-100 elementor-top-column elementor-element elementor-element-25684c49\" data-id=\"25684c49\" data-element_type=\"column\">\n\t\t\t<div class=\"elementor-widget-wrap elementor-element-populated\">\n\t\t\t\t\t\t\t\t<div class=\"elementor-element elementor-element-7c0b86eb elementor-widget elementor-widget-text-editor\" data-id=\"7c0b86eb\" data-element_type=\"widget\" data-widget_type=\"text-editor.default\">\n\t\t\t\t<div class=\"elementor-widget-container\">\n\t\t\t\t\t\t\t<!-- wp:paragraph -->\n<p>\u00a0<\/p>\n<!-- \/wp:paragraph --><!-- wp:paragraph -->\n<p>\u00a0<\/p>\n<!-- \/wp:paragraph --><!-- wp:list {\"ordered\":true,\"type\":\"I\"} -->\n<ol type=\"I\">\n<li><strong>Politica de confiden\u021bialitate<\/strong>\n<ol>\n<li><strong>Ce informa\u021bii colect\u0103m?<\/strong>\n<ol type=\"a\">\n<li>Informa\u021biile care le colect\u0103m de la vizitatorii \u0219i utilizatorii site-ului nostru, sunt: datele de identificare ale c\u0103l\u0103torilor, adresa de email si\/sau telefonul, \u0219i informa\u021biile oferite despre cursele rezervate prin intermediul formularului de rezervare.<\/li>\n<\/ol>\n<\/li>\n<li><strong>Cum colect\u0103m informa\u021biile?<\/strong>\n<ol type=\"a\">\n<li>Aceste informa\u021bii le colect\u0103m atunci c\u00e2nd ni le oferi\u021bi prin completarea formularelor.<\/li>\n<\/ol>\n<\/li>\n<li><strong>Cum folosim informa\u021biile?<\/strong>\n<ol type=\"a\">\n<li>Pentru ducerea la bun sf\u00e2r\u0219it a serviciilor de transport solicitate.\n<ol type=\"i\">\n<li>Datele sunt folosite la completarea documentelor necesare<\/li>\n<li>Datele de contact sunt furnizate Transportatorului, doar pentru contactarea \u0219i identificarea c\u0103l\u0103torilor cu ocazia c\u0103l\u0103toriei solicitate cu acesta.<\/li>\n<\/ol>\n<\/li>\n<li>Pentru \u00eendeplinirea nevoilor de operare a platformei. Acestea includ:\n<ol type=\"i\">\n<li>afi\u0219area informa\u021bile de interes, personalizate;<\/li>\n<li>verificarea identit\u0103\u021bii atunci c\u00e2nd v\u0103 autentifica\u021bi pe site-ul nostru;<\/li>\n<li>ob\u021binerea p\u0103rerilor despre serviciile primite. La alegere, acestea pot fi publicate anonime sau sub identitatea autorului.<\/li>\n<li>monitorizarea acces\u0103rilor pentru identificarea poten\u021bialelor activit\u0103\u021bi fraudulente \u0219i asigurarea respect\u0103rii termenilor \u0219i condi\u021biilor de utilizare al site-ului.<\/li>\n<\/ol>\n<\/li>\n<li>Pentru alte activit\u0103\u021bi pentru care ne da\u021bi consim\u021b\u0103m\u00e2ntul:\n<ol type=\"i\">\n<li>comunic\u0103ri comerciale despre oferte care credem c\u0103 v\u0103 intereseaz\u0103;<\/li>\n<li>folosirea cookie-urilor pentru personalizarea reclamelor afi\u0219ate.<\/li>\n<\/ol>\n<\/li>\n<li>Pentru alte activit\u0103\u021bi cerute de legea Rom\u00e2n\u0103.<\/li>\n<\/ol>\n<\/li>\n<li><strong>C\u00e2nd \u0219i cui dezv\u0103luim informa\u021biile cu caracter personal?<\/strong>\n<ol type=\"a\">\n<li>\u00cen calitate de destinatari ai informa\u021biilor, Transporatorii cu care urmeaz\u0103 s\u0103 c\u0103l\u0103tori\u021bi, vor primi datele dvs. imediat dup\u0103 solicitarea unei rezerv\u0103ri.<\/li>\n<li>\u00cen calitate de persoan\u0103 \u00eemputernicit\u0103 \u0219i administrator al site-ului Marluctours.ro prime\u0219te pentru stocare \u0219i procesare toate datele legate de o rezervare.<\/li>\n<li>Potrivit normelor legale \u00een vigoare, se vor oferi minimum de date necesare autorit\u0103\u021bilor solicitante.<\/li>\n<\/ol>\n<\/li>\n<li><strong>Cum asigur\u0103m securitatea informa\u021biilor?<\/strong>\n<ol type=\"a\">\n<li>Comunicarea informa\u021biilor este protejat\u0103 prin protocolul HTTPS;<\/li>\n<li>Datele sunt stocate pe servere gestionate de noi, aflate \u00een loca\u021bii sigure;<\/li>\n<li>Periodic se fac copii de siguran\u021b\u0103.<\/li>\n<li>\u0218tergem informa\u021biile cu caracter personal dupa 24 luni de la ultima c\u0103l\u0103torie<\/li>\n<\/ol>\n<\/li>\n<li><strong>Cum pute\u021bi accesa informa\u021biile dumneavoastra?<\/strong>\n<ol type=\"a\">\n<li>Pute\u021bi solicita portarea datelor ce le detinem despre dvs. \u00eentr-un format structurat, blocarea de la procesare da datelor sau s\u0103 retrage\u021bi consim\u021b\u0103m\u00e2ntul dat pentru anumite proces\u0103ri. Aceste solicit\u0103ri se primesc la office@<em><strong>marluctours.ro<\/strong><\/em><\/li>\n<li>\u00a0<\/li>\n<\/ol>\n<\/li>\n<li><strong>Folosirea cookie-urilor<\/strong>\n<ol type=\"a\">\n<li>Pentru personalizarea con\u021binutului site-ului, folosim buc\u0103\u021bi mici de informa\u021bii ce r\u0103m\u00e2n pe calculator, pentru a v\u0103 identifica la urm\u0103toarea vizit\u0103, numite &#8222;cookies&#8221;. Mai multe informatii despre ce sunt acestea g\u0103si\u021bi aici:\u00a0<a href=\"https:\/\/cookies.apti.ro\/\" target=\"_blank\" rel=\"noreferrer noopener\">cookies.apti.ro<\/a><\/li>\n<li>Prin accesarea\u00a0<em><strong>Marluctours.RO\u00a0<\/strong><\/em>, Utilizatorii, Clien\u021bii \u0219i Partenerii \u00ee\u0219i exprim\u0103 acordul cu privire la folosirea modulelor \u201ecookies\u201d \u0219i comunicarea informa\u021biilor de interac\u021biune cu platforma virtual\u0103 c\u0103tre Partenerii publicitari actuali sau poten\u021biali.<\/li>\n<\/ol>\n<\/li>\n<li><strong>Declin\u0103ri de r\u0103spundere<\/strong><\/li>\n<\/ol>\n<ol>\n<li>Administratorul platformei\u00a0<em><strong>Marluctours.ro<\/strong><\/em>\u00a0\u00ee\u0219i declin\u0103 orice r\u0103spundere juridic\u0103 derivat\u0103 din activit\u0103\u021bile ce constituie obiectul de activitate specific Transportatorilor sau Partenerilor publicitari.<\/li>\n<li>Administratorul platformei\u00a0<em><strong><em><strong>Marluctours.ro<\/strong><\/em><\/strong><\/em>\u00a0\u00ee\u0219i declin\u0103 orice r\u0103spundere juridic\u0103 derivat\u0103 din incorecta analiz\u0103, interpretare, asimilare \u0219i folosire \u00een orice scop a informa\u021biilor publicate \u0219i disponibile pe platforma virtual\u0103.<\/li>\n<\/ol>\n<\/li>\n<li><strong>Drepturile de autor<\/strong>\n<ol>\n<li>Con\u021binutul site-ului, integral \u015fi\/sau par\u0163ial, nu poate fi reprodus, duplicat, copiat, rev\u00e2ndut, vizitat sau exploatat \u00een scopuri comerciale, f\u0103r\u0103 acceptul scris prealabil al Administratorului acesteia.<\/li>\n<li>Con\u021binutul\u00a0<em><strong><em><strong>Marluctours.ro<\/strong><\/em>\u00a0<\/strong><\/em>incluz\u00e2nd \u00een special, dar nu exclusiv, textele redactate, fotografiile, emblemele, m\u0103rcile, pictogramele, sistemele informatice \u0219i structura acestora, se bucur\u0103 de protec\u021bia legisla\u021biei privind drepturile de autor.<\/li>\n<li>Utilizatorii, Clien\u021bii, Partenerii \u0219i Partenerii publicitari cunosc \u0219i accept\u0103 expres faptul c\u0103 toate informa\u021biile publicate \u0219i disponibile pe platforma virtual\u0103\u00a0<em><strong><em><strong>Marluctours.ro<\/strong><\/em>\u00a0<\/strong><\/em>se afl\u0103 sub inciden\u021ba legisla\u021biei privind drepturile de autor. Pe cale de consecin\u021b\u0103, folosirea informa\u021biilor publicate \u0219i disponibile pe platforma virtual\u0103\u00a0<em><strong><em><strong>Marluctours.ro<\/strong><\/em>\u00a0<\/strong><\/em>este circumscris\u0103 ob\u021binerii acordului prealabil al titularilor drepturilor de autor, astfel cum sunt ace\u0219tia identifica\u021bi prin raportare la prezentul TCG.<\/li>\n<\/ol>\n<\/li>\n<li><strong>For\u021ba major\u0103<\/strong>\n<ol>\n<li>For\u021ba major\u0103 exonereaz\u0103 p\u0103r\u021bile de r\u0103spundere, total sau par\u021bial, \u00een cazul neexecut\u0103rii totale sau par\u021biale, ori a execut\u0103rii necorespunz\u0103toare sau cu \u00eent\u00e2rziere a obliga\u021biilor asumate prin prezentul TCG.<\/li>\n<li>Sunt considerate cazuri de for\u021b\u0103 major\u0103 orice evenimente imprevizibile \u0219i insurmontabile, independente de culpa p\u0103r\u021bii care le invoc\u0103 \u0219i care fac obliga\u021biile acestei p\u0103r\u021bi imposibil de executat.<\/li>\n<li>Partea care invoc\u0103 for\u021ba major\u0103 are obliga\u021bia de a notifica cealalt\u0103 parte \u00een termen de 2 (dou\u0103) zile de la apari\u021bia cazului de for\u021b\u0103 major\u0103 \u0219i de a lua toate m\u0103surile posibile \u00een vederea limit\u0103rii consecin\u021belor lui, \u00een caz contrar nebeneficiind de efectele exoneratorii de r\u0103spundere ale acestuia.<\/li>\n<li>Partea care invoc\u0103 for\u021ba major\u0103 are obliga\u021bia ca dup\u0103 \u00eencetarea acesteia s\u0103-\u0219i reia \u00eendeplinirea obliga\u021biilor decurg\u00e2nd din prezentul TCG.<\/li>\n<li>Dispozi\u021biile referitoare la for\u021ba major\u0103 se aplic\u0103 \u00een mod corespunz\u0103tor \u0219i \u00een privin\u021ba cazului fortuit.<\/li>\n<\/ol>\n<\/li>\n<li><strong>Legisla\u021bia aplicabil\u0103<\/strong>\n<ol>\n<li>Raporturile juridice n\u0103scute \u00een temeiul prezentului TCG sunt supuse normelor \u00een vigoare potrivit legisla\u021biei rom\u00e2ne.<\/li>\n<li>Eventualele litigii, nesolu\u021bionate pe cale amiabil\u0103, vor fi deduse spre judecat\u0103 instan\u021belor competente potrivit dreptului comun.<\/li>\n<\/ol>\n<\/li>\n<li><strong>Natura juridic\u0103 \u0219i modific\u0103rile TCG<\/strong>\n<ol>\n<li>Prezentul TCG are natura juridic\u0103 a unui contract sub semn\u0103tur\u0103 privat\u0103.<\/li>\n<li>Prezentul TCG poate fi completat sau modificat \u00een orice moment, f\u0103r\u0103 notificare prealabil\u0103.<\/li>\n<\/ol>\n<\/li>\n<\/ol>\n<!-- \/wp:list --><!-- wp:paragraph -->\n<p>TCG v3 valabil din 23 Mai 2018<\/p>\n<!-- \/wp:paragraph -->\t\t\t\t\t\t<\/div>\n\t\t\t\t<\/div>\n\t\t\t\t\t<\/div>\n\t\t<\/div>\n\t\t\t\t\t\t\t<\/div>\n\t\t<\/section>\n\t\t\t\t\t\t\t<\/div>","protected":false},"excerpt":{"rendered":"<p>\u00a0 \u00a0 Politica de confiden\u021bialitate Ce informa\u021bii colect\u0103m? Informa\u021biile care le colect\u0103m de la vizitatorii \u0219i utilizatorii site-ului nostru, sunt: datele de identificare ale c\u0103l\u0103torilor, adresa de email si\/sau telefonul, \u0219i informa\u021biile oferite despre cursele rezervate prin intermediul formularului de rezervare. Cum colect\u0103m informa\u021biile? Aceste informa\u021bii le colect\u0103m atunci c\u00e2nd ni le oferi\u021bi prin completarea<\/p>","protected":false},"author":1,"featured_media":0,"parent":0,"menu_order":0,"comment_status":"closed","ping_status":"closed","template":"","meta":{"footnotes":""},"_links":{"self":[{"href":"https:\/\/marluctours.ro\/en\/wp-json\/wp\/v2\/pages\/1526"}],"collection":[{"href":"https:\/\/marluctours.ro\/en\/wp-json\/wp\/v2\/pages"}],"about":[{"href":"https:\/\/marluctours.ro\/en\/wp-json\/wp\/v2\/types\/page"}],"author":[{"embeddable":true,"href":"https:\/\/marluctours.ro\/en\/wp-json\/wp\/v2\/users\/1"}],"replies":[{"embeddable":true,"href":"https:\/\/marluctours.ro\/en\/wp-json\/wp\/v2\/comments?post=1526"}],"version-history":[{"count":8,"href":"https:\/\/marluctours.ro\/en\/wp-json\/wp\/v2\/pages\/1526\/revisions"}],"predecessor-version":[{"id":1925,"href":"https:\/\/marluctours.ro\/en\/wp-json\/wp\/v2\/pages\/1526\/revisions\/1925"}],"wp:attachment":[{"href":"https:\/\/marluctours.ro\/en\/wp-json\/wp\/v2\/media?parent=1526"}],"curies":[{"name":"wp","href":"https:\/\/api.w.org\/{rel}","templated":true}]}}